{"id":274,"date":"2024-08-21T18:09:13","date_gmt":"2024-08-21T16:09:13","guid":{"rendered":"https:\/\/www.vivrelie.com\/?page_id=274"},"modified":"2024-08-21T18:32:23","modified_gmt":"2024-08-21T16:32:23","slug":"feedfoward-vs-feedback","status":"publish","type":"page","link":"https:\/\/www.vivrelie.com\/index.php\/feedfoward-vs-feedback\/","title":{"rendered":"FEEDFOWARD VS FEEDBACK"},"content":{"rendered":"\n<blockquote class=\"wp-block-quote is-layout-flow wp-block-quote-is-layout-flow\">\n<p><em>Le feedforward consiste \u00e0 regarder \u00e0 travers le pare brise&nbsp;et non dans le r\u00e9troviseur !<\/em><\/p>\n<\/blockquote>\n\n\n\n<p>C\u2019est un outil strat\u00e9gique tr\u00e8s puissant, capable de provoquer de profonds changements de perspective.<\/p>\n\n\n\n<p>Il permet de remplacer le feedback positif et\/ou n\u00e9gatif puisqu\u2019il est reconnu que les observations&nbsp; comportementales du pass\u00e9 ne suffisent pas ouvrir sur des solutions utiles dans l\u2019avenir.<\/p>\n\n\n\n<p>Il est utilis\u00e9 en mati\u00e8re de r\u00e9solution de probl\u00e8mes, dans le domaine de la gestion de conflits, de la m\u00e9diation, dans la formation et le conseil, mais \u00e9galement dans des entretiens d\u2019\u00e9valuation et dans la gestion de projet.&nbsp;<\/p>\n\n\n\n<p>Mis en \u0153uvre \u00e0 plus grande \u00e9chelle (au sein d\u2019\u00e9quipes ou d\u2019organisations), les avantages constructifs du processus de feedforward pourront devenir collectifs, au service de la culture de l\u2019entreprise ; une culture fonci\u00e8rement proactive et responsable bas\u00e9e sur des pratiques relationnelles constructives qui \u00ab&nbsp;parlent&nbsp;\u00bb solutions, r\u00e9sultats, actions, avenir.&nbsp;<\/p>\n\n\n\n<h4 class=\"wp-block-heading\">En r\u00e9sum\u00e9 :<\/h4>\n\n\n\n<ul class=\"wp-block-list\">\n<li>La technique impose de proposer des <strong>solutions<\/strong> concr\u00e8tes fournissant des indications claires sur la fa\u00e7on de r\u00e9soudre un probl\u00e8me (ouvre le champs du <strong>comment<\/strong>&nbsp;<strong>faire&nbsp;?<\/strong>). Il s\u2019agit de suggestions et non d\u2019ordres et la personne \u00e0 qui elles sont adress\u00e9es est libre de les retenir ou non.<\/li>\n<\/ul>\n\n\n\n<ul class=\"wp-block-list\">\n<li>Le feedforward est <strong>op\u00e9rationnel et efficace<\/strong>, offrant tr\u00e8s directement et&nbsp; simplement des avenues d&rsquo;am\u00e9lioration, des options, des axes de d\u00e9veloppement auxquels la personne n\u2019a pas pens\u00e9. Il ne dit pas ce qui serait \u00ab&nbsp;mieux&nbsp;\u00bb, mais ce qui \u00ab&nbsp;pourrait \u00eatre diff\u00e9rent&nbsp;\u00bb&nbsp;<\/li>\n<\/ul>\n\n\n\n<ul class=\"wp-block-list\">\n<li>Il est <strong>orient\u00e9 vers l&rsquo;avenir<\/strong>, \u00e9vitant des commentaires inutiles sur les comportements ou des r\u00e9sultats pass\u00e9s.&nbsp; En effet, ceux-ci ne peuvent plus \u00eatre modifi\u00e9s.<\/li>\n<\/ul>\n\n\n\n<ul class=\"wp-block-list\">\n<li>Il n&rsquo;est pas per\u00e7u comme un jugement car ne dispense pas de critiques positives ni n\u00e9gatives. Il est <strong>respectueux<\/strong>, et contribue en cela \u00e0 initier et renforcer des relations positives et de partenariat.<\/li>\n<\/ul>\n\n\n\n<ul class=\"wp-block-list\">\n<li>Il n\u2019est pas une tentative de se substituer au b\u00e9n\u00e9ficiaire pour exercer ses responsabilit\u00e9s \u00e0 sa place. En effet, c\u2019est \u00e0 celui qui re\u00e7oit la suggestion de voir comment il va s\u2019en servir, plut\u00f4t que de chercher \u00e0 expliquer pourquoi elle n\u2019est pas pertinente.&nbsp;<\/li>\n<\/ul>\n\n\n\n<ul class=\"wp-block-list\">\n<li>Il n\u2019appelle pas forc\u00e9ment de r\u00e9ponse (et encore moins de justification). Inutile donc de discuter ou de n\u00e9gocier un feedforward. Il s\u2019agit d\u2019une piste de r\u00e9flexion. Mais en revanche, il est <strong>participatif<\/strong> et permet \u00e0 toutes les personnes impliqu\u00e9es dans une relation ou un contexte collectif de r\u00e9fl\u00e9chir \u00e0 des moyens pratiques d\u2019am\u00e9lioration des r\u00e9sultats.<\/li>\n<\/ul>\n\n\n\n<ul class=\"wp-block-list\">\n<li>Il permet d\u2019\u00e9liminer des exp\u00e9riences relationnelles n\u00e9gatives et potentiellement r\u00e9p\u00e9titives par le repositionnement de la relation dans une dimension positive et favorable.<\/li>\n<\/ul>\n\n\n\n<div class=\"wp-block-buttons is-layout-flex wp-block-buttons-is-layout-flex\">\n<div class=\"wp-block-button\"><a class=\"wp-block-button__link wp-element-button\" href=\"https:\/\/www.vivrelie.com\/index.php\/claire-bernier\/\">Retour \u00e0 la page Claire Bernier<\/a><\/div>\n<\/div>\n\n\n\n<p><\/p>\n","protected":false},"excerpt":{"rendered":"<p>Le feedforward consiste \u00e0 regarder \u00e0 travers le pare brise&nbsp;et non dans le r\u00e9troviseur ! C\u2019est un outil strat\u00e9gique tr\u00e8s [&hellip;]<\/p>\n","protected":false},"author":1,"featured_media":0,"parent":0,"menu_order":0,"comment_status":"closed","ping_status":"closed","template":"","meta":{"site-sidebar-layout":"default","site-content-layout":"","ast-site-content-layout":"","site-content-style":"default","site-sidebar-style":"default","ast-global-header-display":"","ast-banner-title-visibility":"","ast-main-header-display":"","ast-hfb-above-header-display":"","ast-hfb-below-header-display":"","ast-hfb-mobile-header-display":"","site-post-title":"","ast-breadcrumbs-content":"","ast-featured-img":"","footer-sml-layout":"","theme-transparent-header-meta":"","adv-header-id-meta":"","stick-header-meta":"","header-above-stick-meta":"","header-main-stick-meta":"","header-below-stick-meta":"","astra-migrate-meta-layouts":"default","ast-page-background-enabled":"default","ast-page-background-meta":{"desktop":{"background-color":"var(--ast-global-color-4)","background-image":"","background-repeat":"repeat","background-position":"center center","background-size":"auto","background-attachment":"scroll","background-type":"","background-media":"","overlay-type":"","overlay-color":"","overlay-opacity":"","overlay-gradient":""},"tablet":{"background-color":"","background-image":"","background-repeat":"repeat","background-position":"center center","background-size":"auto","background-attachment":"scroll","background-type":"","background-media":"","overlay-type":"","overlay-color":"","overlay-opacity":"","overlay-gradient":""},"mobile":{"background-color":"","background-image":"","background-repeat":"repeat","background-position":"center center","background-size":"auto","background-attachment":"scroll","background-type":"","background-media":"","overlay-type":"","overlay-color":"","overlay-opacity":"","overlay-gradient":""}},"ast-content-background-meta":{"desktop":{"background-color":"var(--ast-global-color-5)","background-image":"","background-repeat":"repeat","background-position":"center center","background-size":"auto","background-attachment":"scroll","background-type":"","background-media":"","overlay-type":"","overlay-color":"","overlay-opacity":"","overlay-gradient":""},"tablet":{"background-color":"var(--ast-global-color-5)","background-image":"","background-repeat":"repeat","background-position":"center center","background-size":"auto","background-attachment":"scroll","background-type":"","background-media":"","overlay-type":"","overlay-color":"","overlay-opacity":"","overlay-gradient":""},"mobile":{"background-color":"var(--ast-global-color-5)","background-image":"","background-repeat":"repeat","background-position":"center center","background-size":"auto","background-attachment":"scroll","background-type":"","background-media":"","overlay-type":"","overlay-color":"","overlay-opacity":"","overlay-gradient":""}},"footnotes":""},"class_list":["post-274","page","type-page","status-publish","hentry"],"_links":{"self":[{"href":"https:\/\/www.vivrelie.com\/index.php\/wp-json\/wp\/v2\/pages\/274","targetHints":{"allow":["GET"]}}],"collection":[{"href":"https:\/\/www.vivrelie.com\/index.php\/wp-json\/wp\/v2\/pages"}],"about":[{"href":"https:\/\/www.vivrelie.com\/index.php\/wp-json\/wp\/v2\/types\/page"}],"author":[{"embeddable":true,"href":"https:\/\/www.vivrelie.com\/index.php\/wp-json\/wp\/v2\/users\/1"}],"replies":[{"embeddable":true,"href":"https:\/\/www.vivrelie.com\/index.php\/wp-json\/wp\/v2\/comments?post=274"}],"version-history":[{"count":5,"href":"https:\/\/www.vivrelie.com\/index.php\/wp-json\/wp\/v2\/pages\/274\/revisions"}],"predecessor-version":[{"id":289,"href":"https:\/\/www.vivrelie.com\/index.php\/wp-json\/wp\/v2\/pages\/274\/revisions\/289"}],"wp:attachment":[{"href":"https:\/\/www.vivrelie.com\/index.php\/wp-json\/wp\/v2\/media?parent=274"}],"curies":[{"name":"wp","href":"https:\/\/api.w.org\/{rel}","templated":true}]}}