{"id":265,"date":"2024-08-21T17:50:15","date_gmt":"2024-08-21T15:50:15","guid":{"rendered":"https:\/\/www.vivrelie.com\/?page_id=265"},"modified":"2024-08-21T18:33:07","modified_gmt":"2024-08-21T16:33:07","slug":"la-triangulation-strategie-de-resolution-de-conflits-en-groupe","status":"publish","type":"page","link":"https:\/\/www.vivrelie.com\/index.php\/la-triangulation-strategie-de-resolution-de-conflits-en-groupe\/","title":{"rendered":"La triangulation, strat\u00e9gie de r\u00e9solution de conflits en groupe"},"content":{"rendered":"\n<h3 class=\"wp-block-heading\">Objectif de la Triangulation<\/h3>\n\n\n\n<p>Le principe de la <strong>triangulation<\/strong> est assez simple : quand deux personnes sont en conflit ou ont une relation difficile, au lieu de se concentrer uniquement sur leurs d\u00e9saccords, on les aide \u00e0 rediriger leur attention vers un objectif commun ou un troisi\u00e8me \u00e9l\u00e9ment qui les concerne tous les deux. Ce troisi\u00e8me point devient le centre de leur collaboration, les mettant c\u00f4te \u00e0 c\u00f4te plut\u00f4t que face \u00e0 face.<\/p>\n\n\n\n<h3 class=\"wp-block-heading\">Mise en \u0152uvre de la Triangulation<\/h3>\n\n\n\n<p>Pour mettre en \u0153uvre la triangulation, voici quelques \u00e9tapes simples :<\/p>\n\n\n\n<ol class=\"wp-block-list\">\n<li><strong>Identifier le conflit ou la difficult\u00e9 relationnelle<\/strong> : Comprendre d&rsquo;abord les points de tension entre les deux personnes ou parties concern\u00e9es.<\/li>\n\n\n\n<li><strong>Proposer un objectif commun<\/strong> : Trouver un objectif ou un projet qui int\u00e9resse ou concerne les deux parties. Il peut s&rsquo;agir d&rsquo;une t\u00e2che \u00e0 accomplir ensemble, d&rsquo;un probl\u00e8me \u00e0 r\u00e9soudre, ou d&rsquo;un projet \u00e0 mener \u00e0 bien.<\/li>\n\n\n\n<li><strong>R\u00e9orienter l&rsquo;\u00e9nergie<\/strong> : Encourager les deux parties \u00e0 concentrer leur \u00e9nergie sur cet objectif plut\u00f4t que sur leurs diff\u00e9rends. Cela pourrait \u00eatre fait \u00e0 travers des discussions guid\u00e9es, des exercices de collaboration, ou m\u00eame des activit\u00e9s pratiques.<\/li>\n\n\n\n<li><strong>Maintenir le focus<\/strong> : Au fil du temps, assurez-vous que les parties restent concentr\u00e9es sur l&rsquo;objectif commun, et aidez-les \u00e0 revenir \u00e0 ce point de r\u00e9f\u00e9rence si les tensions r\u00e9apparaissent.<\/li>\n<\/ol>\n\n\n\n<p>En r\u00e9sum\u00e9, la triangulation permet de transformer une dynamique conflictuelle en une collaboration positive en introduisant un troisi\u00e8me \u00e9l\u00e9ment commun qui r\u00e9oriente l&rsquo;\u00e9nergie des parties concern\u00e9es. C&rsquo;est une approche tr\u00e8s efficace<strong> pour d\u00e9samorcer les tensions et encourager une meilleure coop\u00e9ration<\/strong>.<\/p>\n\n\n\n<div class=\"wp-block-buttons is-layout-flex wp-block-buttons-is-layout-flex\">\n<div class=\"wp-block-button\"><a class=\"wp-block-button__link wp-element-button\" href=\"https:\/\/www.vivrelie.com\/index.php\/claire-bernier\/\">Retour \u00e0 la page Claire Bernier<\/a><\/div>\n<\/div>\n\n\n\n<p><\/p>\n","protected":false},"excerpt":{"rendered":"<p>Objectif de la Triangulation Le principe de la triangulation est assez simple : quand deux personnes sont en conflit ou [&hellip;]<\/p>\n","protected":false},"author":1,"featured_media":0,"parent":0,"menu_order":0,"comment_status":"closed","ping_status":"closed","template":"","meta":{"site-sidebar-layout":"default","site-content-layout":"","ast-site-content-layout":"","site-content-style":"default","site-sidebar-style":"default","ast-global-header-display":"","ast-banner-title-visibility":"","ast-main-header-display":"","ast-hfb-above-header-display":"","ast-hfb-below-header-display":"","ast-hfb-mobile-header-display":"","site-post-title":"","ast-breadcrumbs-content":"","ast-featured-img":"","footer-sml-layout":"","theme-transparent-header-meta":"","adv-header-id-meta":"","stick-header-meta":"","header-above-stick-meta":"","header-main-stick-meta":"","header-below-stick-meta":"","astra-migrate-meta-layouts":"default","ast-page-background-enabled":"default","ast-page-background-meta":{"desktop":{"background-color":"var(--ast-global-color-4)","background-image":"","background-repeat":"repeat","background-position":"center center","background-size":"auto","background-attachment":"scroll","background-type":"","background-media":"","overlay-type":"","overlay-color":"","overlay-opacity":"","overlay-gradient":""},"tablet":{"background-color":"","background-image":"","background-repeat":"repeat","background-position":"center center","background-size":"auto","background-attachment":"scroll","background-type":"","background-media":"","overlay-type":"","overlay-color":"","overlay-opacity":"","overlay-gradient":""},"mobile":{"background-color":"","background-image":"","background-repeat":"repeat","background-position":"center center","background-size":"auto","background-attachment":"scroll","background-type":"","background-media":"","overlay-type":"","overlay-color":"","overlay-opacity":"","overlay-gradient":""}},"ast-content-background-meta":{"desktop":{"background-color":"var(--ast-global-color-5)","background-image":"","background-repeat":"repeat","background-position":"center center","background-size":"auto","background-attachment":"scroll","background-type":"","background-media":"","overlay-type":"","overlay-color":"","overlay-opacity":"","overlay-gradient":""},"tablet":{"background-color":"var(--ast-global-color-5)","background-image":"","background-repeat":"repeat","background-position":"center center","background-size":"auto","background-attachment":"scroll","background-type":"","background-media":"","overlay-type":"","overlay-color":"","overlay-opacity":"","overlay-gradient":""},"mobile":{"background-color":"var(--ast-global-color-5)","background-image":"","background-repeat":"repeat","background-position":"center center","background-size":"auto","background-attachment":"scroll","background-type":"","background-media":"","overlay-type":"","overlay-color":"","overlay-opacity":"","overlay-gradient":""}},"footnotes":""},"class_list":["post-265","page","type-page","status-publish","hentry"],"_links":{"self":[{"href":"https:\/\/www.vivrelie.com\/index.php\/wp-json\/wp\/v2\/pages\/265","targetHints":{"allow":["GET"]}}],"collection":[{"href":"https:\/\/www.vivrelie.com\/index.php\/wp-json\/wp\/v2\/pages"}],"about":[{"href":"https:\/\/www.vivrelie.com\/index.php\/wp-json\/wp\/v2\/types\/page"}],"author":[{"embeddable":true,"href":"https:\/\/www.vivrelie.com\/index.php\/wp-json\/wp\/v2\/users\/1"}],"replies":[{"embeddable":true,"href":"https:\/\/www.vivrelie.com\/index.php\/wp-json\/wp\/v2\/comments?post=265"}],"version-history":[{"count":2,"href":"https:\/\/www.vivrelie.com\/index.php\/wp-json\/wp\/v2\/pages\/265\/revisions"}],"predecessor-version":[{"id":290,"href":"https:\/\/www.vivrelie.com\/index.php\/wp-json\/wp\/v2\/pages\/265\/revisions\/290"}],"wp:attachment":[{"href":"https:\/\/www.vivrelie.com\/index.php\/wp-json\/wp\/v2\/media?parent=265"}],"curies":[{"name":"wp","href":"https:\/\/api.w.org\/{rel}","templated":true}]}}