{"id":228,"date":"2024-08-21T15:20:58","date_gmt":"2024-08-21T13:20:58","guid":{"rendered":"https:\/\/www.vivrelie.com\/?page_id=228"},"modified":"2024-08-28T18:36:49","modified_gmt":"2024-08-28T16:36:49","slug":"claire-bernier","status":"publish","type":"page","link":"https:\/\/www.vivrelie.com\/index.php\/claire-bernier\/","title":{"rendered":"Claire Bernier"},"content":{"rendered":"\n<h3 class=\"wp-block-heading\"><strong>Formatrice Coach et Facilitatrice de<\/strong> <strong>l\u2019\u00c9mergence de l\u2019Intelligence \u00c9motionnelle &amp; Collective<\/strong><\/h3>\n\n\n\n<p>En tant que <strong>Coach<\/strong> <strong>Syst\u00e9mique<\/strong>, mon r\u00f4le est d&rsquo;accompagner mes clients dans une d\u00e9marche de transformation profonde, en tenant compte des multiples interactions entre eux et leur environnement. Le coaching syst\u00e9mique s&rsquo;int\u00e9resse \u00e0 <strong>l&rsquo;ensemble du syst\u00e8me<\/strong> dans lequel \u00e9volue le client. Cela inclut ses relations professionnelles, personnelles, et les dynamiques collectives qui influencent son quotidien. Je me consid\u00e8re non pas comme un simple observateur, mais comme <em>un participant actif<\/em> dans ce processus. Mon objectif est de travailler en \u00e9troite collaboration avec mes clients pour explorer et comprendre les liens entre leurs objectifs, leurs comportements, et les contextes qui les entourent. Ensemble, nous identifions les sch\u00e9mas qui limitent ou favorisent leur r\u00e9ussite, et <strong>nous co-construisons des strat\u00e9gies<\/strong> pour am\u00e9liorer leur <strong>performance individuelle et collective.<\/strong><\/p>\n\n\n\n<blockquote class=\"wp-block-quote is-layout-flow wp-block-quote-is-layout-flow\">\n<p><em>Lorsque je dis que je me consid\u00e8re \u00ab\u00a0<strong>comme un participant actif dans ce processus<\/strong>\u00a0\u00bb cela signifie que je ne me contente pas d&rsquo;observer ou de donner des conseils de l&rsquo;ext\u00e9rieur. Au contraire, je m&rsquo;implique directement dans le travail que nous faisons ensemble. Je suis engag\u00e9 aux c\u00f4t\u00e9s de mon client, en co-cr\u00e9ant des solutions et en participant aux r\u00e9flexions et aux explorations n\u00e9cessaires pour avancer. Mon r\u00f4le est d&rsquo;\u00eatre pr\u00e9sente, de poser les bonnes questions, et parfois de partager mes propres r\u00e9flexions ou exp\u00e9riences lorsque cela peut enrichir le processus. En bref, je suis l\u00e0, non seulement pour guider, mais aussi pour \u00e9voluer et apprendre avec mon client tout au long de notre collaboration.<\/em><\/p>\n<\/blockquote>\n\n\n\n<p>En abordant les d\u00e9fis \u00e0 travers une perspective syst\u00e9mique, je m&rsquo;efforce de cr\u00e9er un espace o\u00f9 mes clients peuvent d\u00e9velopper une vision plus large et plus int\u00e9gr\u00e9e de leurs enjeux. Que ce soit pour <strong>r\u00e9soudre un conflit<\/strong>, <strong>am\u00e9liorer une dynamique d\u2019\u00e9quipe<\/strong>, ou renforcer les <strong>interfaces professionnelles<\/strong>, mon accompagnement est con\u00e7u pour provoquer des changements durables qui impactent positivement l&rsquo;ensemble de leur syst\u00e8me. Ma mission est de guider mes clients \u00e0 travers ce processus, en leur offrant non seulement <strong>des outils et des techniques adapt\u00e9s<\/strong>, mais aussi une pr\u00e9sence empathique et engag\u00e9e, pr\u00eate \u00e0 naviguer avec eux dans la complexit\u00e9 de leur environnement. Ensemble, nous visons une transformation qui b\u00e9n\u00e9ficie non seulement \u00e0 l&rsquo;individu, mais aussi \u00e0 toutes les relations et structures dans lesquelles il \u00e9volue.<\/p>\n\n\n\n<blockquote class=\"wp-block-quote is-layout-flow wp-block-quote-is-layout-flow\">\n<p><em>Quand je parle d&rsquo;offrir non seulement des outils et des techniques adapt\u00e9s,\u00a0\u00bb je fais r\u00e9f\u00e9rence \u00e0 un aspect essentiel de mon activit\u00e9 que je qualifie de <strong>\u00ab\u00a0Formateur Coach.\u00a0\u00bb <\/strong>Mon r\u00f4le dans ce cadre est de vous accompagner dans <strong>le d\u00e9veloppement de vos comp\u00e9tences<\/strong>, en particulier celles li\u00e9es aux \u00ab\u00a0soft skills,\u00a0\u00bb ces comp\u00e9tences interpersonnelles et comportementales qui sont devenues incontournables dans le monde professionnel d&rsquo;aujourd&rsquo;hui.<\/em><\/p>\n<\/blockquote>\n\n\n\n<h3 class=\"wp-block-heading\">J&rsquo;accompagne le <strong>d\u00e9veloppement des soft skills<\/strong><\/h3>\n\n\n\n<p>Concr\u00e8tement, cela signifie que je vous propose non seulement des m\u00e9thodes et des strat\u00e9gies sur mesure pour r\u00e9pondre \u00e0 vos besoins sp\u00e9cifiques, mais je vous aide aussi \u00e0 <strong>int\u00e9grer ces apprentissages<\/strong> de mani\u00e8re durable dans votre quotidien. Cela peut inclure, par exemple, des techniques de communication, de gestion des conflits, ou de leadership. Mais au-del\u00e0 de ces outils pratiques, j&rsquo;accompagne ceux qui le souhaitent dans l&rsquo;adoption de la posture de \u00ab\u00a0<strong>manager coach<\/strong>.\u00a0\u00bb Cela implique de vous apprendre \u00e0 encadrer et \u00e0 inspirer vos \u00e9quipes de mani\u00e8re \u00e0 favoriser leur autonomie et leur croissance, tout en maintenant une dynamique de travail positive et productive<\/p>\n\n\n\n<blockquote class=\"wp-block-quote is-layout-flow wp-block-quote-is-layout-flow\">\n<p><em>En r\u00e9sum\u00e9, mon approche ne se limite pas \u00e0 une simple transmission de savoir-faire; elle vise \u00e0 transformer profond\u00e9ment votre mani\u00e8re de fonctionner, pour que vous puissiez non seulement r\u00e9soudre les d\u00e9fis actuels, mais aussi \u00e9voluer et prosp\u00e9rer dans un environnement en perp\u00e9tuelle \u00e9volution.<\/em><\/p>\n<\/blockquote>\n\n\n\n<h4 class=\"wp-block-heading\">Quelques exemples d&rsquo;outils au service de \u00ab\u00a0La <strong>Coach<\/strong>-attitude du <strong>Manager<\/strong>\u00ab\u00a0<\/h4>\n\n\n\n<ul class=\"wp-block-list\">\n<li>La \u00ab\u00a0<a href=\"https:\/\/www.vivrelie.com\/index.php\/transformer-des-discussions-en-actions-concretes\/\">fonction de pousseur de d\u00e9cisions<\/a>\u00a0\u00bb est une micro-comp\u00e9tence en management qui vise \u00e0 encourager activement la prise de d\u00e9cisions au sein d&rsquo;un groupe ou d&rsquo;une \u00e9quipe. L&rsquo;id\u00e9e est de ne pas laisser les discussions se prolonger sans d\u00e9boucher sur des actions concr\u00e8tes. Au lieu de permettre que les r\u00e9unions ou les entretiens s&rsquo;\u00e9ternisent sur des d\u00e9bats th\u00e9oriques, le pousseur de d\u00e9cisions guide le groupe vers la formulation et l&rsquo;adoption de d\u00e9cisions claires.<\/li>\n<\/ul>\n\n\n\n<blockquote class=\"wp-block-quote is-layout-flow wp-block-quote-is-layout-flow\">\n<p><em>En somme, la \u00ab\u00a0<a href=\"https:\/\/www.vivrelie.com\/index.php\/transformer-des-discussions-en-actions-concretes\/\" data-type=\"link\" data-id=\"https:\/\/www.vivrelie.com\/index.php\/transformer-des-discussions-en-actions-concretes\/\">fonction de pousseur de d\u00e9cisions<\/a>\u00a0\u00bb aide \u00e0 transformer les discussions en actions concr\u00e8tes, ce qui est essentiel pour am\u00e9liorer l&rsquo;efficacit\u00e9 personnelle et collective dans un cadre professionnel.<\/em><\/p>\n<\/blockquote>\n\n\n\n<ul class=\"wp-block-list\">\n<li>La technique de \u00ab\u00a0<a href=\"https:\/\/www.vivrelie.com\/index.php\/resoudre-des-conflits-internes-ou-des-difficultes-relationnelles\/\" data-type=\"link\" data-id=\"https:\/\/www.vivrelie.com\/index.php\/resoudre-des-conflits-internes-ou-des-difficultes-relationnelles\/\">la Chaise Vide<\/a>\u00a0\u00bb est une m\u00e9thode d&rsquo;exploration des <strong>relations<\/strong> ou des <strong>\u00e9motions<\/strong> avec une personne absente ou une partie de soi-m\u00eame. Elle est utilis\u00e9e pour permettre \u00e0 une personne de s&rsquo;exprimer directement face \u00e0 un autre individu (symbolis\u00e9 par une chaise vide) avec lequel elle a un conflit ou une \u00e9motion non r\u00e9solue. Cela permet au client de <strong>verbaliser des sentiments<\/strong>, de clarifier ses pens\u00e9es, et parfois de trouver des <strong>r\u00e9solutions<\/strong> internes \u00e0 des conflits.<\/li>\n<\/ul>\n\n\n\n<blockquote class=\"wp-block-quote is-layout-flow wp-block-quote-is-layout-flow\">\n<p><em>L&rsquo;objectif principal de \u00ab\u00a0<a href=\"https:\/\/www.vivrelie.com\/index.php\/resoudre-des-conflits-internes-ou-des-difficultes-relationnelles\/\" data-type=\"link\" data-id=\"https:\/\/www.vivrelie.com\/index.php\/resoudre-des-conflits-internes-ou-des-difficultes-relationnelles\/\">La Chaise Vide<\/a>\u00a0\u00bb est d&rsquo;aider le client \u00e0 explorer et \u00e0 <strong>r\u00e9soudre des conflits internes<\/strong> ou des <strong>difficult\u00e9s relationnelles<\/strong> en mettant en sc\u00e8ne une interaction avec une personne absente ou avec une partie de lui-m\u00eame.<\/em><\/p>\n<\/blockquote>\n\n\n\n<ul class=\"wp-block-list\">\n<li><a href=\"https:\/\/www.vivrelie.com\/index.php\/la-triangulation-strategie-de-resolution-de-conflits-en-groupe\/\" data-type=\"link\" data-id=\"https:\/\/www.vivrelie.com\/index.php\/la-triangulation-strategie-de-resolution-de-conflits-en-groupe\/\">La Triangulation<\/a> est une m\u00e9thode utilis\u00e9e pour <strong>r\u00e9orienter l&rsquo;\u00e9nergie<\/strong> des individus qui sont en conflit ou qui ont des relations tendues, en les focalisant sur un objectif commun et motivant. Cela permet aux personnes en conflit de se repositionner c\u00f4te \u00e0 c\u00f4te en tant que partenaires, plut\u00f4t qu&rsquo;en tant qu&rsquo;adversaires.<\/li>\n<\/ul>\n\n\n\n<blockquote class=\"wp-block-quote is-layout-flow wp-block-quote-is-layout-flow\">\n<p><em>La <a href=\"https:\/\/www.vivrelie.com\/index.php\/la-triangulation-strategie-de-resolution-de-conflits-en-groupe\/\" data-type=\"link\" data-id=\"https:\/\/www.vivrelie.com\/index.php\/la-triangulation-strategie-de-resolution-de-conflits-en-groupe\/\">triangulation<\/a> est particuli\u00e8rement utilis\u00e9e dans des contextes o\u00f9 deux ou plusieurs personnes sont en opposition. Par exemple, dans une \u00e9quipe o\u00f9 des membres ont du mal \u00e0 collaborer.<\/em><\/p>\n<\/blockquote>\n\n\n\n<p>Le <a href=\"https:\/\/www.vivrelie.com\/index.php\/feedfoward-vs-feedback\/\">FeedForward<\/a> un outil strat\u00e9gique tr\u00e8s puissant, capable de provoquer de profonds changements de perspective. Il permet de remplacer le feedback positif et\/ou n\u00e9gatif puisqu\u2019il est reconnu que les observations&nbsp; comportementales du pass\u00e9 ne suffisent pas ouvrir sur des <strong>solutions utiles dans l\u2019avenir<\/strong>. Mis en \u0153uvre \u00e0 plus grande \u00e9chelle (au sein d\u2019\u00e9quipes ou d\u2019organisations), les avantages constructifs du processus de feedforward pourront devenir collectifs, au service de la culture de l\u2019entreprise ; une culture fonci\u00e8rement proactive et responsable bas\u00e9e sur des pratiques relationnelles constructives qui \u00ab&nbsp;parlent&nbsp;\u00bb solutions, r\u00e9sultats, actions, avenir.&nbsp;<\/p>\n\n\n\n<blockquote class=\"wp-block-quote is-layout-flow wp-block-quote-is-layout-flow\">\n<p><em>Le <a href=\"https:\/\/www.vivrelie.com\/index.php\/feedfoward-vs-feedback\/\" data-type=\"link\" data-id=\"https:\/\/www.vivrelie.com\/index.php\/feedfoward-vs-feedback\/\">FeedFoward<\/a> consiste \u00e0 regarder \u00e0 travers le pare brise&nbsp;et non dans le r\u00e9troviseur !<\/em><\/p>\n<\/blockquote>\n\n\n\n<h3 class=\"wp-block-heading\"><strong>Faciliter<\/strong> <strong>l\u2019\u00c9mergence de l\u2019Intelligence \u00c9motionnelle &amp; Collective<\/strong><\/h3>\n\n\n\n<blockquote class=\"wp-block-quote is-layout-flow wp-block-quote-is-layout-flow\">\n<p><em>L&rsquo;intelligence humaine ne se limite pas \u00e0 la cognition. L&rsquo;intelligence \u00e9motionnelle est le lien entre la connaissance de soi et la r\u00e9ussite collective. En \u00e9quilibrant nos comp\u00e9tences \u00e9motionnelle, nous fa\u00e7onnons non seulement notre propre vie, mais aussi celle de ceux qui nous entourent.<\/em><\/p>\n<\/blockquote>\n\n\n\n<h4 class=\"wp-block-heading\"><strong>L\u2019Intelligence \u00c9motionnelle<\/strong><\/h4>\n\n\n\n<p>Encours de r\u00e9daction<\/p>\n\n\n\n<h4 class=\"wp-block-heading\">Le cod\u00e9veloppement professionnel au service de <strong>l\u2019Intelligence Collective<\/strong><\/h4>\n\n\n\n<div class=\"wp-block-media-text is-stacked-on-mobile\" style=\"grid-template-columns:18% auto\"><figure class=\"wp-block-media-text__media\"><img loading=\"lazy\" decoding=\"async\" width=\"666\" height=\"503\" src=\"http:\/\/www.vivrelie.com\/wp-content\/uploads\/2024\/08\/schema-codev.png\" alt=\"\" class=\"wp-image-273 size-full\" srcset=\"https:\/\/www.vivrelie.com\/wp-content\/uploads\/2024\/08\/schema-codev.png 666w, https:\/\/www.vivrelie.com\/wp-content\/uploads\/2024\/08\/schema-codev-300x227.png 300w\" sizes=\"auto, (max-width: 666px) 100vw, 666px\" \/><\/figure><div class=\"wp-block-media-text__content\">\n<ul class=\"wp-block-list\">\n<li>Une m\u00e9thode <strong>pragmatique<\/strong>, pour \u00ab D\u00e9-Complexifier \u00bb les Situations Complexes<\/li>\n\n\n\n<li>Un <strong>processus<\/strong> d\u2019apprentissage en groupe, pour des personnes qui partagent des probl\u00e9matiques <strong>professionnelles<\/strong><\/li>\n\n\n\n<li>Un <strong>apprentissage<\/strong> de pratiques et savoir-faire des participants, et vont apprendre ensemble et cultiver une \u00ab<strong> intelligence collective<\/strong> \u00bb gr\u00e2ce \u00e0 un <strong>processus<\/strong> <strong>d\u2019apprentissage<\/strong> en groupe, par \u00e9tapes structurant la parole, l&rsquo;\u00e9coute et la r\u00e9flexion et incitant \u00e0 l&rsquo;action.<\/li>\n<\/ul>\n<\/div><\/div>\n\n\n\n<ul class=\"wp-block-list\">\n<li>Par <strong>l\u2019\u00e9changes<\/strong> de pratiques et savoir-faire des participants : l\u2019exp\u00e9rience de chacun devient une ressource pour tous et <strong>apprendre<\/strong> les uns des autres<\/li>\n<\/ul>\n\n\n\n<p><\/p>\n","protected":false},"excerpt":{"rendered":"<p>Formatrice Coach et Facilitatrice de l\u2019\u00c9mergence de l\u2019Intelligence \u00c9motionnelle &amp; Collective En tant que Coach Syst\u00e9mique, mon r\u00f4le est d&rsquo;accompagner [&hellip;]<\/p>\n","protected":false},"author":1,"featured_media":0,"parent":0,"menu_order":0,"comment_status":"closed","ping_status":"closed","template":"","meta":{"site-sidebar-layout":"default","site-content-layout":"","ast-site-content-layout":"","site-content-style":"default","site-sidebar-style":"default","ast-global-header-display":"","ast-banner-title-visibility":"","ast-main-header-display":"","ast-hfb-above-header-display":"","ast-hfb-below-header-display":"","ast-hfb-mobile-header-display":"","site-post-title":"","ast-breadcrumbs-content":"","ast-featured-img":"","footer-sml-layout":"","theme-transparent-header-meta":"","adv-header-id-meta":"","stick-header-meta":"","header-above-stick-meta":"","header-main-stick-meta":"","header-below-stick-meta":"","astra-migrate-meta-layouts":"default","ast-page-background-enabled":"default","ast-page-background-meta":{"desktop":{"background-color":"var(--ast-global-color-4)","background-image":"","background-repeat":"repeat","background-position":"center center","background-size":"auto","background-attachment":"scroll","background-type":"","background-media":"","overlay-type":"","overlay-color":"","overlay-opacity":"","overlay-gradient":""},"tablet":{"background-color":"","background-image":"","background-repeat":"repeat","background-position":"center center","background-size":"auto","background-attachment":"scroll","background-type":"","background-media":"","overlay-type":"","overlay-color":"","overlay-opacity":"","overlay-gradient":""},"mobile":{"background-color":"","background-image":"","background-repeat":"repeat","background-position":"center center","background-size":"auto","background-attachment":"scroll","background-type":"","background-media":"","overlay-type":"","overlay-color":"","overlay-opacity":"","overlay-gradient":""}},"ast-content-background-meta":{"desktop":{"background-color":"var(--ast-global-color-5)","background-image":"","background-repeat":"repeat","background-position":"center center","background-size":"auto","background-attachment":"scroll","background-type":"","background-media":"","overlay-type":"","overlay-color":"","overlay-opacity":"","overlay-gradient":""},"tablet":{"background-color":"var(--ast-global-color-5)","background-image":"","background-repeat":"repeat","background-position":"center center","background-size":"auto","background-attachment":"scroll","background-type":"","background-media":"","overlay-type":"","overlay-color":"","overlay-opacity":"","overlay-gradient":""},"mobile":{"background-color":"var(--ast-global-color-5)","background-image":"","background-repeat":"repeat","background-position":"center center","background-size":"auto","background-attachment":"scroll","background-type":"","background-media":"","overlay-type":"","overlay-color":"","overlay-opacity":"","overlay-gradient":""}},"footnotes":""},"class_list":["post-228","page","type-page","status-publish","hentry"],"_links":{"self":[{"href":"https:\/\/www.vivrelie.com\/index.php\/wp-json\/wp\/v2\/pages\/228","targetHints":{"allow":["GET"]}}],"collection":[{"href":"https:\/\/www.vivrelie.com\/index.php\/wp-json\/wp\/v2\/pages"}],"about":[{"href":"https:\/\/www.vivrelie.com\/index.php\/wp-json\/wp\/v2\/types\/page"}],"author":[{"embeddable":true,"href":"https:\/\/www.vivrelie.com\/index.php\/wp-json\/wp\/v2\/users\/1"}],"replies":[{"embeddable":true,"href":"https:\/\/www.vivrelie.com\/index.php\/wp-json\/wp\/v2\/comments?post=228"}],"version-history":[{"count":39,"href":"https:\/\/www.vivrelie.com\/index.php\/wp-json\/wp\/v2\/pages\/228\/revisions"}],"predecessor-version":[{"id":302,"href":"https:\/\/www.vivrelie.com\/index.php\/wp-json\/wp\/v2\/pages\/228\/revisions\/302"}],"wp:attachment":[{"href":"https:\/\/www.vivrelie.com\/index.php\/wp-json\/wp\/v2\/media?parent=228"}],"curies":[{"name":"wp","href":"https:\/\/api.w.org\/{rel}","templated":true}]}}